{"id":1163,"date":"2024-02-01T12:44:18","date_gmt":"2024-02-01T10:44:18","guid":{"rendered":"https:\/\/instacash.co\/?page_id=1163"},"modified":"2025-08-11T14:24:03","modified_gmt":"2025-08-11T12:24:03","slug":"bnpl-home","status":"publish","type":"page","link":"https:\/\/instacash.co\/de\/","title":{"rendered":"BNPL Home"},"content":{"rendered":"<div class=\" mt-custom text-center\">\n<h1 class=\" text-display-3\">\n    Eine grenz\u00fcberschreitende L\u00f6sung <br \/> f\u00fcr K\u00e4ufer und H\u00e4ndler<br \/>\n  <\/h1>\n<\/div>\n<style>\n  .mt-custom {\n    margin-top: 4rem;\nmargin-bottom: 1rem;\n  }\n<\/style>\n\n\n<p class=\"text-center text-body-lead-large color-gray-600 pt-3 px-3 pb-4 mb-custom\">\n Entdecke, in welchen L\u00e4ndern der Ratenzahlungsservice von Instacash bereits verf\u00fcgbar ist.\n<\/p>\n<style>\n  .mb-custom {\nmargin-bottom: 2rem;<\/p>\n<p>  }\n<\/style>\n\n\n<div class=\"container px-0\">\n<div class=\"pt-3\">\n<div class=\"px-sm-3 px-md-5 custom-map-wrapper\">\n<div class=\"ratio ratio-16x9 custom-map-container\">\n                <div class=\"map_wrapper\" id=\"map_wrapper_2369\">\n<div class=\"map_box\" style=\"max-width:2000px\">\n<div class=\"map_aspect_ratio\" style=\"padding-top:56%\" data-padding-top=\"56%\" data-padding-top-mobile=\"0%\">\n<div class=\"map_container\">\n<div class=\"map_render map_loading\" id=\"map_2369\"><\/div>\n<\/div>\n<\/div>\n<\/div>\n<\/div>\n            <\/div>\n<\/p><\/div>\n<\/p><\/div>\n<\/div>\n<style>\n    .map_render svg {\n        overflow: hidden;\n        transform: scale(1.6) translateX(5%) translateY(-8%);\n    }\n<\/style>\n","protected":false},"excerpt":{"rendered":"<p> [&#8230;]<\/p>\n<p><a class=\"btn btn-secondary understrap-read-more-link\" href=\"https:\/\/instacash.co\/de\/\">Read More&#8230;<span class=\"screen-reader-text\"> from BNPL Home<\/span><\/a><\/p>\n","protected":false},"author":5,"featured_media":0,"parent":0,"menu_order":0,"comment_status":"closed","ping_status":"closed","template":"page-templates\/bnpl-home.php","meta":{"footnotes":""},"acf":[],"_links":{"self":[{"href":"https:\/\/instacash.co\/de\/wp-json\/wp\/v2\/pages\/1163"}],"collection":[{"href":"https:\/\/instacash.co\/de\/wp-json\/wp\/v2\/pages"}],"about":[{"href":"https:\/\/instacash.co\/de\/wp-json\/wp\/v2\/types\/page"}],"author":[{"embeddable":true,"href":"https:\/\/instacash.co\/de\/wp-json\/wp\/v2\/users\/5"}],"replies":[{"embeddable":true,"href":"https:\/\/instacash.co\/de\/wp-json\/wp\/v2\/comments?post=1163"}],"version-history":[{"count":36,"href":"https:\/\/instacash.co\/de\/wp-json\/wp\/v2\/pages\/1163\/revisions"}],"predecessor-version":[{"id":9651,"href":"https:\/\/instacash.co\/de\/wp-json\/wp\/v2\/pages\/1163\/revisions\/9651"}],"wp:attachment":[{"href":"https:\/\/instacash.co\/de\/wp-json\/wp\/v2\/media?parent=1163"}],"curies":[{"name":"wp","href":"https:\/\/api.w.org\/{rel}","templated":true}]}}